{"id":547,"date":"2024-06-03T09:09:48","date_gmt":"2024-06-03T09:09:48","guid":{"rendered":"https:\/\/halezincate.com\/?page_id=547"},"modified":"2024-06-20T06:53:19","modified_gmt":"2024-06-20T06:53:19","slug":"debitare-plasma","status":"publish","type":"page","link":"https:\/\/halezincate.com\/index.php\/debitare-plasma\/","title":{"rendered":"Debitare Plasma"},"content":{"rendered":"\t\t<div data-elementor-type=\"wp-page\" data-elementor-id=\"547\" class=\"elementor elementor-547\">\n\t\t\t\t<div class=\"elementor-element elementor-element-1a9f34b e-flex e-con-boxed e-con e-parent\" data-id=\"1a9f34b\" data-element_type=\"container\" data-e-type=\"container\">\n\t\t\t\t\t<div class=\"e-con-inner\">\n\t\t\t\t\t<\/div>\n\t\t\t\t<\/div>\n\t\t<div class=\"elementor-element elementor-element-5f77f98 e-flex e-con-boxed e-con e-parent\" data-id=\"5f77f98\" data-element_type=\"container\" data-e-type=\"container\">\n\t\t\t\t\t<div class=\"e-con-inner\">\n\t\t\t\t<div class=\"elementor-element elementor-element-7cfc454 elementor-widget elementor-widget-image\" data-id=\"7cfc454\" data-element_type=\"widget\" data-e-type=\"widget\" data-widget_type=\"image.default\">\n\t\t\t\t<div class=\"elementor-widget-container\">\n\t\t\t\t\t\t\t\t\t\t\t\t\t\t\t<img decoding=\"async\" src=\"https:\/\/halezincate.com\/wp-content\/uploads\/elementor\/thumbs\/cnc-plasma-cutting-jobworks-qq6bss5p1bnzk986zvnhbtgp12c5dg3ywt37za4nmo.jpg\" title=\"cnc-plasma-cutting-jobworks\" alt=\"cnc-plasma-cutting-jobworks\" loading=\"lazy\" \/>\t\t\t\t\t\t\t\t\t\t\t\t\t\t\t<\/div>\n\t\t\t\t<\/div>\n\t\t\t\t\t<\/div>\n\t\t\t\t<\/div>\n\t\t<div class=\"elementor-element elementor-element-4c24763 e-flex e-con-boxed e-con e-parent\" data-id=\"4c24763\" data-element_type=\"container\" data-e-type=\"container\">\n\t\t\t\t\t<div class=\"e-con-inner\">\n\t\t\t\t<div class=\"elementor-element elementor-element-ce2f459 elementor-widget elementor-widget-text-editor\" data-id=\"ce2f459\" data-element_type=\"widget\" data-e-type=\"widget\" data-widget_type=\"text-editor.default\">\n\t\t\t\t<div class=\"elementor-widget-container\">\n\t\t\t\t\t\t\t\t\t<p><strong>&nbsp; &nbsp; &nbsp; &nbsp; &nbsp; &nbsp; &nbsp; &nbsp; &nbsp; &nbsp; &nbsp; &nbsp; &nbsp; &nbsp; &nbsp; &nbsp; &nbsp; &nbsp; &nbsp; &nbsp; &nbsp; &nbsp; &nbsp; &nbsp; &nbsp; &nbsp; &nbsp; &nbsp; &nbsp; &nbsp; &nbsp; &nbsp; &nbsp; &nbsp; &nbsp; &nbsp; &nbsp; &nbsp; &nbsp; &nbsp; &nbsp; &nbsp; &nbsp; &nbsp; &nbsp; &nbsp; &nbsp;Debitare cu Plasm\u0103 a Metalului &#8211; Precizie \u0219i Eficien\u021b\u0103<\/strong><\/p>\n<p><strong>&nbsp;<\/strong><\/p>\n<ul>T\u0103ierea cu plasm\u0103, cunoscut\u0103 \u0219i sub denumirea de debitare cu plasm\u0103, este o metod\u0103 modern\u0103 \u0219i eficient\u0103 de procesare a metalelor. Aceast\u0103 tehnologie se bazeaz\u0103 pe generarea unui jet de plasm\u0103 la temperaturi \u00eenalte, capabil s\u0103 topeasc\u0103 \u0219i s\u0103 \u00eendep\u0103rteze materialul cu o precizie remarcabil\u0103.<\/ul>\n<ul>\n<li><strong>Versatilitate<\/strong>: Capabil\u0103 s\u0103 taie o varietate de metale, inclusiv o\u021bel, aluminiu \u0219i cupru.<\/li>\n<li><strong>Calitate superioar\u0103 a t\u0103ieturii<\/strong>: Marginile netede \u0219i curate reduc necesitatea prelucr\u0103rii ulterioare.<\/li>\n<li><strong>Eficien\u021b\u0103 ridicat\u0103<\/strong>: Timpul redus de t\u0103iere \u0219i consumul optimizat de energie economisesc resurse.<\/li>\n<li><strong>Control precis<\/strong>: Echipamentele moderne permit setarea parametrilor pentru rezultate personalizate.<\/li>\n<\/ul>\n<p>&nbsp;Exploreaz\u0103 avantajele t\u0103ierii \u00een plasm\u0103 \u0219i cum poate revolu\u021biona procesul t\u0103u de prelucrare a metalelor.<\/p>\n<p><\/p>\n<div>Dimensiunea tablei de lucru: 1500mm x 3000mm (dimensiune maxim<span style=\"background-color: rgb(255, 255, 255);\">\u0103<\/span>)<\/div>\n<div>&nbsp;<\/div>\t\t\t\t\t\t\t\t<\/div>\n\t\t\t\t<\/div>\n\t\t\t\t\t<\/div>\n\t\t\t\t<\/div>\n\t\t\t\t<\/div>\n\t\t","protected":false},"excerpt":{"rendered":"<p>&nbsp; &nbsp; &nbsp; &nbsp; &nbsp; &nbsp; &nbsp; &nbsp; &nbsp; &nbsp; &nbsp; &nbsp; &nbsp; &nbsp; &nbsp; &nbsp; &nbsp; &nbsp; &nbsp; &nbsp; &nbsp; &nbsp; &nbsp; &nbsp; &nbsp; &nbsp; &nbsp; &nbsp; &nbsp; &nbsp; &nbsp; &nbsp; &nbsp; &nbsp; &nbsp; &nbsp; &nbsp; &nbsp; &nbsp; &nbsp; &nbsp; &nbsp; &nbsp; &nbsp; &nbsp; &nbsp; &nbsp;Debitare cu Plasm\u0103 a Metalului &#8211; Precizie \u0219i Eficien\u021b\u0103 [&hellip;]<\/p>\n","protected":false},"author":1,"featured_media":0,"parent":0,"menu_order":0,"comment_status":"closed","ping_status":"closed","template":"","meta":{"footnotes":""},"class_list":["post-547","page","type-page","status-publish","hentry"],"aioseo_notices":[],"_links":{"self":[{"href":"https:\/\/halezincate.com\/index.php\/wp-json\/wp\/v2\/pages\/547","targetHints":{"allow":["GET"]}}],"collection":[{"href":"https:\/\/halezincate.com\/index.php\/wp-json\/wp\/v2\/pages"}],"about":[{"href":"https:\/\/halezincate.com\/index.php\/wp-json\/wp\/v2\/types\/page"}],"author":[{"embeddable":true,"href":"https:\/\/halezincate.com\/index.php\/wp-json\/wp\/v2\/users\/1"}],"replies":[{"embeddable":true,"href":"https:\/\/halezincate.com\/index.php\/wp-json\/wp\/v2\/comments?post=547"}],"version-history":[{"count":0,"href":"https:\/\/halezincate.com\/index.php\/wp-json\/wp\/v2\/pages\/547\/revisions"}],"wp:attachment":[{"href":"https:\/\/halezincate.com\/index.php\/wp-json\/wp\/v2\/media?parent=547"}],"curies":[{"name":"wp","href":"https:\/\/api.w.org\/{rel}","templated":true}]}}