{"id":550,"date":"2024-06-03T09:10:02","date_gmt":"2024-06-03T09:10:02","guid":{"rendered":"https:\/\/halezincate.com\/?page_id=550"},"modified":"2024-06-20T07:00:03","modified_gmt":"2024-06-20T07:00:03","slug":"dbitare-laser","status":"publish","type":"page","link":"https:\/\/halezincate.com\/index.php\/dbitare-laser\/","title":{"rendered":"Debitare Laser"},"content":{"rendered":"\t\t<div data-elementor-type=\"wp-page\" data-elementor-id=\"550\" class=\"elementor elementor-550\">\n\t\t\t\t<div class=\"elementor-element elementor-element-9a55aae e-flex e-con-boxed e-con e-parent\" data-id=\"9a55aae\" data-element_type=\"container\" data-e-type=\"container\">\n\t\t\t\t\t<div class=\"e-con-inner\">\n\t\t\t\t<div class=\"elementor-element elementor-element-05e98a5 elementor-widget elementor-widget-image\" data-id=\"05e98a5\" data-element_type=\"widget\" data-e-type=\"widget\" data-widget_type=\"image.default\">\n\t\t\t\t<div class=\"elementor-widget-container\">\n\t\t\t\t\t\t\t\t\t\t\t\t\t\t\t<img decoding=\"async\" src=\"https:\/\/halezincate.com\/wp-content\/uploads\/elementor\/thumbs\/DC-Manufacturing-Laser-Cutting-3-qq6bsxsq6bvphx002y38qs1gldkcnmqcxl04uxwalc.jpg\" title=\"DC-Manufacturing-Laser-Cutting-3\" alt=\"DC-Manufacturing-Laser-Cutting-3\" loading=\"lazy\" \/>\t\t\t\t\t\t\t\t\t\t\t\t\t\t\t<\/div>\n\t\t\t\t<\/div>\n\t\t\t\t\t<\/div>\n\t\t\t\t<\/div>\n\t\t<div class=\"elementor-element elementor-element-12b315c e-flex e-con-boxed e-con e-parent\" data-id=\"12b315c\" data-element_type=\"container\" data-e-type=\"container\">\n\t\t\t\t\t<div class=\"e-con-inner\">\n\t\t\t\t<div class=\"elementor-element elementor-element-f804d00 elementor-widget elementor-widget-text-editor\" data-id=\"f804d00\" data-element_type=\"widget\" data-e-type=\"widget\" data-widget_type=\"text-editor.default\">\n\t\t\t\t<div class=\"elementor-widget-container\">\n\t\t\t\t\t\t\t\t\t<p><strong>\u00a0 \u00a0 \u00a0 \u00a0 \u00a0 \u00a0 \u00a0 \u00a0 \u00a0 \u00a0 \u00a0 \u00a0 \u00a0 \u00a0 \u00a0 \u00a0 \u00a0 \u00a0 \u00a0 \u00a0 \u00a0 \u00a0 \u00a0 \u00a0 \u00a0 \u00a0 \u00a0 \u00a0 \u00a0 \u00a0 \u00a0 \u00a0 \u00a0 \u00a0 \u00a0 \u00a0 \u00a0 \u00a0 \u00a0 \u00a0 \u00a0 \u00a0 \u00a0 \u00a0 \u00a0 Debitarea cu Laser a Metalului &#8211; Precizie \u0219i Performan\u021b\u0103<\/strong><\/p><p>Afl\u0103 cum t\u0103ierea cu laser a metalului poate \u00eembun\u0103t\u0103\u021bi proiectele tale industriale sau bricolaj. Utiliz\u00e2nd un fascicul laser concentrat, aceast\u0103 tehnologie ofer\u0103 o precizie \u0219i o acurate\u021be de neegalat pentru t\u0103ierea metalelor.<\/p><ul><li><strong>Precizie extrem\u0103<\/strong>: Capacitatea de a realiza t\u0103ieturi complexe \u0219i detalii fine cu o margine impecabil\u0103.<\/li><li><strong>Versatilitate<\/strong>: Eficient\u0103 pentru o gam\u0103 larg\u0103 de metale, inclusiv o\u021bel inoxidabil, aluminiu \u0219i titan.<\/li><li><strong>Calitate superioar\u0103<\/strong>: T\u0103ieturi curate care reduc necesitatea de finisare suplimentar\u0103.<\/li><li><strong>Eficien\u021b\u0103 \u0219i rapiditate<\/strong>: Timp redus de t\u0103iere \u0219i optimizare a materialului pentru reducerea de\u0219eurilor.<\/li><\/ul><p>Descoper\u0103 cum t\u0103ierea cu laser poate transforma procesele de prelucrare a metalelor, oferindu-\u021bi rezultate precise \u0219i eficiente.<\/p><div style=\"background-color: #ffffff;\">Dimensiunea tablei de lucru: 1500mm x 3000mm (dimensiune maxim<span style=\"background-color: #ffffff;\">\u0103<\/span>)<\/div><div>\u00a0<\/div>\t\t\t\t\t\t\t\t<\/div>\n\t\t\t\t<\/div>\n\t\t\t\t\t<\/div>\n\t\t\t\t<\/div>\n\t\t\t\t<\/div>\n\t\t","protected":false},"excerpt":{"rendered":"<p>\u00a0 \u00a0 \u00a0 \u00a0 \u00a0 \u00a0 \u00a0 \u00a0 \u00a0 \u00a0 \u00a0 \u00a0 \u00a0 \u00a0 \u00a0 \u00a0 \u00a0 \u00a0 \u00a0 \u00a0 \u00a0 \u00a0 \u00a0 \u00a0 \u00a0 \u00a0 \u00a0 \u00a0 \u00a0 \u00a0 \u00a0 \u00a0 \u00a0 \u00a0 \u00a0 \u00a0 \u00a0 \u00a0 \u00a0 \u00a0 \u00a0 \u00a0 \u00a0 \u00a0 \u00a0 Debitarea cu Laser a Metalului &#8211; Precizie \u0219i Performan\u021b\u0103 Afl\u0103 [&hellip;]<\/p>\n","protected":false},"author":1,"featured_media":0,"parent":0,"menu_order":0,"comment_status":"closed","ping_status":"closed","template":"","meta":{"footnotes":""},"class_list":["post-550","page","type-page","status-publish","hentry"],"aioseo_notices":[],"_links":{"self":[{"href":"https:\/\/halezincate.com\/index.php\/wp-json\/wp\/v2\/pages\/550","targetHints":{"allow":["GET"]}}],"collection":[{"href":"https:\/\/halezincate.com\/index.php\/wp-json\/wp\/v2\/pages"}],"about":[{"href":"https:\/\/halezincate.com\/index.php\/wp-json\/wp\/v2\/types\/page"}],"author":[{"embeddable":true,"href":"https:\/\/halezincate.com\/index.php\/wp-json\/wp\/v2\/users\/1"}],"replies":[{"embeddable":true,"href":"https:\/\/halezincate.com\/index.php\/wp-json\/wp\/v2\/comments?post=550"}],"version-history":[{"count":0,"href":"https:\/\/halezincate.com\/index.php\/wp-json\/wp\/v2\/pages\/550\/revisions"}],"wp:attachment":[{"href":"https:\/\/halezincate.com\/index.php\/wp-json\/wp\/v2\/media?parent=550"}],"curies":[{"name":"wp","href":"https:\/\/api.w.org\/{rel}","templated":true}]}}