{"id":58,"date":"2024-05-28T10:56:07","date_gmt":"2024-05-28T10:56:07","guid":{"rendered":"https:\/\/halezincate.com\/?page_id=58"},"modified":"2026-04-06T13:53:55","modified_gmt":"2026-04-06T10:53:55","slug":"hale-zincate","status":"publish","type":"page","link":"https:\/\/halezincate.com\/","title":{"rendered":"Home"},"content":{"rendered":"\t\t<div data-elementor-type=\"wp-post\" data-elementor-id=\"58\" class=\"elementor elementor-58\">\n\t\t\t\t<div class=\"elementor-element elementor-element-36a4e42 e-flex e-con-boxed e-con e-parent\" data-id=\"36a4e42\" data-element_type=\"container\" data-e-type=\"container\" data-settings=\"{&quot;background_background&quot;:&quot;classic&quot;}\">\n\t\t\t\t\t<div class=\"e-con-inner\">\n\t\t<div class=\"elementor-element elementor-element-207b408 e-con-full e-flex e-con e-child\" data-id=\"207b408\" data-element_type=\"container\" data-e-type=\"container\">\n\t\t\t\t<\/div>\n\t\t<div class=\"elementor-element elementor-element-7cd77cd e-con-full e-flex e-con e-child\" data-id=\"7cd77cd\" data-element_type=\"container\" data-e-type=\"container\">\n\t\t\t\t<div class=\"elementor-element elementor-element-ad8e203 elementor-shape-rounded elementor-grid-0 e-grid-align-center elementor-widget elementor-widget-social-icons\" data-id=\"ad8e203\" data-element_type=\"widget\" data-e-type=\"widget\" data-widget_type=\"social-icons.default\">\n\t\t\t\t<div class=\"elementor-widget-container\">\n\t\t\t\t\t\t\t<div class=\"elementor-social-icons-wrapper elementor-grid\" role=\"list\">\n\t\t\t\t\t\t\t<span class=\"elementor-grid-item\" role=\"listitem\">\n\t\t\t\t\t<a class=\"elementor-icon elementor-social-icon elementor-social-icon-facebook elementor-repeater-item-98a6529\" href=\"https:\/\/www.facebook.com\/profile.php?id=61557515752445\" target=\"_blank\">\n\t\t\t\t\t\t<span class=\"elementor-screen-only\">Facebook<\/span>\n\t\t\t\t\t\t<svg aria-hidden=\"true\" class=\"e-font-icon-svg e-fab-facebook\" viewBox=\"0 0 512 512\" xmlns=\"http:\/\/www.w3.org\/2000\/svg\"><path d=\"M504 256C504 119 393 8 256 8S8 119 8 256c0 123.78 90.69 226.38 209.25 245V327.69h-63V256h63v-54.64c0-62.15 37-96.48 93.67-96.48 27.14 0 55.52 4.84 55.52 4.84v61h-31.28c-30.8 0-40.41 19.12-40.41 38.73V256h68.78l-11 71.69h-57.78V501C413.31 482.38 504 379.78 504 256z\"><\/path><\/svg>\t\t\t\t\t<\/a>\n\t\t\t\t<\/span>\n\t\t\t\t\t\t\t<span class=\"elementor-grid-item\" role=\"listitem\">\n\t\t\t\t\t<a class=\"elementor-icon elementor-social-icon elementor-social-icon-instagram elementor-repeater-item-ea4a80f\" href=\"https:\/\/www.instagram.com\/halezincate\/\" target=\"_blank\">\n\t\t\t\t\t\t<span class=\"elementor-screen-only\">Instagram<\/span>\n\t\t\t\t\t\t<svg aria-hidden=\"true\" class=\"e-font-icon-svg e-fab-instagram\" viewBox=\"0 0 448 512\" xmlns=\"http:\/\/www.w3.org\/2000\/svg\"><path d=\"M224.1 141c-63.6 0-114.9 51.3-114.9 114.9s51.3 114.9 114.9 114.9S339 319.5 339 255.9 287.7 141 224.1 141zm0 189.6c-41.1 0-74.7-33.5-74.7-74.7s33.5-74.7 74.7-74.7 74.7 33.5 74.7 74.7-33.6 74.7-74.7 74.7zm146.4-194.3c0 14.9-12 26.8-26.8 26.8-14.9 0-26.8-12-26.8-26.8s12-26.8 26.8-26.8 26.8 12 26.8 26.8zm76.1 27.2c-1.7-35.9-9.9-67.7-36.2-93.9-26.2-26.2-58-34.4-93.9-36.2-37-2.1-147.9-2.1-184.9 0-35.8 1.7-67.6 9.9-93.9 36.1s-34.4 58-36.2 93.9c-2.1 37-2.1 147.9 0 184.9 1.7 35.9 9.9 67.7 36.2 93.9s58 34.4 93.9 36.2c37 2.1 147.9 2.1 184.9 0 35.9-1.7 67.7-9.9 93.9-36.2 26.2-26.2 34.4-58 36.2-93.9 2.1-37 2.1-147.8 0-184.8zM398.8 388c-7.8 19.6-22.9 34.7-42.6 42.6-29.5 11.7-99.5 9-132.1 9s-102.7 2.6-132.1-9c-19.6-7.8-34.7-22.9-42.6-42.6-11.7-29.5-9-99.5-9-132.1s-2.6-102.7 9-132.1c7.8-19.6 22.9-34.7 42.6-42.6 29.5-11.7 99.5-9 132.1-9s102.7-2.6 132.1 9c19.6 7.8 34.7 22.9 42.6 42.6 11.7 29.5 9 99.5 9 132.1s2.7 102.7-9 132.1z\"><\/path><\/svg>\t\t\t\t\t<\/a>\n\t\t\t\t<\/span>\n\t\t\t\t\t\t\t<span class=\"elementor-grid-item\" role=\"listitem\">\n\t\t\t\t\t<a class=\"elementor-icon elementor-social-icon elementor-social-icon-tiktok elementor-repeater-item-5e24765\" href=\"https:\/\/www.tiktok.com\/@halezincate\" target=\"_blank\">\n\t\t\t\t\t\t<span class=\"elementor-screen-only\">Tiktok<\/span>\n\t\t\t\t\t\t<svg aria-hidden=\"true\" class=\"e-font-icon-svg e-fab-tiktok\" viewBox=\"0 0 448 512\" xmlns=\"http:\/\/www.w3.org\/2000\/svg\"><path d=\"M448,209.91a210.06,210.06,0,0,1-122.77-39.25V349.38A162.55,162.55,0,1,1,185,188.31V278.2a74.62,74.62,0,1,0,52.23,71.18V0l88,0a121.18,121.18,0,0,0,1.86,22.17h0A122.18,122.18,0,0,0,381,102.39a121.43,121.43,0,0,0,67,20.14Z\"><\/path><\/svg>\t\t\t\t\t<\/a>\n\t\t\t\t<\/span>\n\t\t\t\t\t<\/div>\n\t\t\t\t\t\t<\/div>\n\t\t\t\t<\/div>\n\t\t\t\t<div class=\"elementor-element elementor-element-45e3bd5 elementor-widget elementor-widget-heading\" data-id=\"45e3bd5\" data-element_type=\"widget\" data-e-type=\"widget\" data-widget_type=\"heading.default\">\n\t\t\t\t<div class=\"elementor-widget-container\">\n\t\t\t\t\t<h4 class=\"elementor-heading-title elementor-size-default\"><br>Metal Industry Group produce hale \u0219i corturi industriale din profile cu pereti subtiri folosind otel de inalta calitate S350GD+ZN275. <br>Cu o tehnologie avansat\u0103 \u0219i servicii complete de proiectare, executie si montaj \u0219i ne diferen\u021biem prin flexibilitate, calitate  rela\u021bii str\u00e2nse cu clien\u021bii locali \u0219i regionali.<\/h4>\t\t\t\t<\/div>\n\t\t\t\t<\/div>\n\t\t\t\t<\/div>\n\t\t\t\t\t<\/div>\n\t\t\t\t<\/div>\n\t\t<div class=\"elementor-element elementor-element-24ce607 e-flex e-con-boxed e-con e-parent\" data-id=\"24ce607\" data-element_type=\"container\" data-e-type=\"container\">\n\t\t\t\t\t<div class=\"e-con-inner\">\n\t\t\t\t<div class=\"elementor-element elementor-element-a2bdeb8 elementor-widget-divider--view-line elementor-widget elementor-widget-divider\" data-id=\"a2bdeb8\" data-element_type=\"widget\" data-e-type=\"widget\" data-widget_type=\"divider.default\">\n\t\t\t\t<div class=\"elementor-widget-container\">\n\t\t\t\t\t\t\t<div class=\"elementor-divider\">\n\t\t\t<span class=\"elementor-divider-separator\">\n\t\t\t\t\t\t<\/span>\n\t\t<\/div>\n\t\t\t\t\t\t<\/div>\n\t\t\t\t<\/div>\n\t\t\t\t\t<\/div>\n\t\t\t\t<\/div>\n\t\t<div class=\"elementor-element elementor-element-1f042c6 e-grid e-con-boxed e-con e-parent\" data-id=\"1f042c6\" data-element_type=\"container\" data-e-type=\"container\">\n\t\t\t\t\t<div class=\"e-con-inner\">\n\t\t\t\t<div class=\"elementor-element elementor-element-e3a57e7 elementor-widget elementor-widget-image\" data-id=\"e3a57e7\" data-element_type=\"widget\" data-e-type=\"widget\" data-widget_type=\"image.default\">\n\t\t\t\t<div class=\"elementor-widget-container\">\n\t\t\t\t\t\t\t\t\t\t\t\t\t\t\t\t<a href=\"https:\/\/halezincate.com\/index.php\/hale-industriale\/\">\n\t\t\t\t\t\t\t<img fetchpriority=\"high\" decoding=\"async\" width=\"1024\" height=\"768\" src=\"https:\/\/halezincate.com\/wp-content\/uploads\/2025\/10\/WhatsApp-Image-2025-04-10-at-09.19.16_d0fdf9ea-1024x768.jpg\" class=\"attachment-large size-large wp-image-1337\" alt=\"\" srcset=\"https:\/\/halezincate.com\/wp-content\/uploads\/2025\/10\/WhatsApp-Image-2025-04-10-at-09.19.16_d0fdf9ea-1024x768.jpg 1024w, https:\/\/halezincate.com\/wp-content\/uploads\/2025\/10\/WhatsApp-Image-2025-04-10-at-09.19.16_d0fdf9ea-300x225.jpg 300w, https:\/\/halezincate.com\/wp-content\/uploads\/2025\/10\/WhatsApp-Image-2025-04-10-at-09.19.16_d0fdf9ea-768x576.jpg 768w, https:\/\/halezincate.com\/wp-content\/uploads\/2025\/10\/WhatsApp-Image-2025-04-10-at-09.19.16_d0fdf9ea.jpg 1331w\" sizes=\"(max-width: 1024px) 100vw, 1024px\" \/>\t\t\t\t\t\t\t\t<\/a>\n\t\t\t\t\t\t\t\t\t\t\t\t\t\t\t<\/div>\n\t\t\t\t<\/div>\n\t\t\t\t<div class=\"elementor-element elementor-element-0717ea1 elementor-widget elementor-widget-image\" data-id=\"0717ea1\" data-element_type=\"widget\" data-e-type=\"widget\" data-widget_type=\"image.default\">\n\t\t\t\t<div class=\"elementor-widget-container\">\n\t\t\t\t\t\t\t\t\t\t\t\t\t\t\t\t<a href=\"https:\/\/halezincate.com\/index.php\/corturi-industriale\/\">\n\t\t\t\t\t\t\t<img decoding=\"async\" width=\"1024\" height=\"768\" src=\"https:\/\/halezincate.com\/wp-content\/uploads\/2024\/06\/40b99214-c2b6-4f09-aec5-b8af4c2ddfc5-3.jpg\" class=\"attachment-large size-large wp-image-660\" alt=\"\" srcset=\"https:\/\/halezincate.com\/wp-content\/uploads\/2024\/06\/40b99214-c2b6-4f09-aec5-b8af4c2ddfc5-3.jpg 1024w, https:\/\/halezincate.com\/wp-content\/uploads\/2024\/06\/40b99214-c2b6-4f09-aec5-b8af4c2ddfc5-3-300x225.jpg 300w, https:\/\/halezincate.com\/wp-content\/uploads\/2024\/06\/40b99214-c2b6-4f09-aec5-b8af4c2ddfc5-3-768x576.jpg 768w\" sizes=\"(max-width: 1024px) 100vw, 1024px\" \/>\t\t\t\t\t\t\t\t<\/a>\n\t\t\t\t\t\t\t\t\t\t\t\t\t\t\t<\/div>\n\t\t\t\t<\/div>\n\t\t\t\t<div class=\"elementor-element elementor-element-13f78ed elementor-widget elementor-widget-image\" data-id=\"13f78ed\" data-element_type=\"widget\" data-e-type=\"widget\" data-widget_type=\"image.default\">\n\t\t\t\t<div class=\"elementor-widget-container\">\n\t\t\t\t\t\t\t\t\t\t\t\t\t\t\t\t<a href=\"https:\/\/halezincate.com\/index.php\/profile-zincate\/\">\n\t\t\t\t\t\t\t<img decoding=\"async\" width=\"660\" height=\"660\" src=\"https:\/\/halezincate.com\/wp-content\/uploads\/2024\/05\/steel-framing-purlins-girts-c-z-section-product-01-2.webp\" class=\"attachment-large size-large wp-image-332\" alt=\"\" srcset=\"https:\/\/halezincate.com\/wp-content\/uploads\/2024\/05\/steel-framing-purlins-girts-c-z-section-product-01-2.webp 660w, https:\/\/halezincate.com\/wp-content\/uploads\/2024\/05\/steel-framing-purlins-girts-c-z-section-product-01-2-300x300.webp 300w, https:\/\/halezincate.com\/wp-content\/uploads\/2024\/05\/steel-framing-purlins-girts-c-z-section-product-01-2-150x150.webp 150w, https:\/\/halezincate.com\/wp-content\/uploads\/2024\/05\/steel-framing-purlins-girts-c-z-section-product-01-2-650x650.webp 650w, https:\/\/halezincate.com\/wp-content\/uploads\/2024\/05\/steel-framing-purlins-girts-c-z-section-product-01-2-82x82.webp 82w\" sizes=\"(max-width: 660px) 100vw, 660px\" \/>\t\t\t\t\t\t\t\t<\/a>\n\t\t\t\t\t\t\t\t\t\t\t\t\t\t\t<\/div>\n\t\t\t\t<\/div>\n\t\t\t\t\t<\/div>\n\t\t\t\t<\/div>\n\t\t<div class=\"elementor-element elementor-element-2007260 e-flex e-con-boxed e-con e-parent\" data-id=\"2007260\" data-element_type=\"container\" data-e-type=\"container\">\n\t\t\t\t\t<div class=\"e-con-inner\">\n\t\t\t\t<div class=\"elementor-element elementor-element-7f436e8 elementor-widget-divider--view-line elementor-widget elementor-widget-divider\" data-id=\"7f436e8\" data-element_type=\"widget\" data-e-type=\"widget\" data-widget_type=\"divider.default\">\n\t\t\t\t<div class=\"elementor-widget-container\">\n\t\t\t\t\t\t\t<div class=\"elementor-divider\">\n\t\t\t<span class=\"elementor-divider-separator\">\n\t\t\t\t\t\t<\/span>\n\t\t<\/div>\n\t\t\t\t\t\t<\/div>\n\t\t\t\t<\/div>\n\t\t\t\t\t<\/div>\n\t\t\t\t<\/div>\n\t\t<div class=\"elementor-element elementor-element-21f23fa e-flex e-con-boxed e-con e-parent\" data-id=\"21f23fa\" data-element_type=\"container\" data-e-type=\"container\">\n\t\t\t\t\t<div class=\"e-con-inner\">\n\t\t<div class=\"elementor-element elementor-element-2c95346 e-con-full e-flex e-con e-child\" data-id=\"2c95346\" data-element_type=\"container\" data-e-type=\"container\">\n\t\t\t\t<div class=\"elementor-element elementor-element-9186411 elementor-widget elementor-widget-text-editor\" data-id=\"9186411\" data-element_type=\"widget\" data-e-type=\"widget\" data-widget_type=\"text-editor.default\">\n\t\t\t\t<div class=\"elementor-widget-container\">\n\t\t\t\t\t\t\t\t\t<p><img loading=\"lazy\" decoding=\"async\" class=\"alignnone size-medium wp-image-1003\" src=\"https:\/\/halezincate.com\/wp-content\/uploads\/2024\/06\/pc-screen-icon-2048x1793-ic9fcuzs-300x263.png\" alt=\"\" width=\"300\" height=\"263\" srcset=\"https:\/\/halezincate.com\/wp-content\/uploads\/2024\/06\/pc-screen-icon-2048x1793-ic9fcuzs-300x263.png 300w, https:\/\/halezincate.com\/wp-content\/uploads\/2024\/06\/pc-screen-icon-2048x1793-ic9fcuzs-1024x897.png 1024w, https:\/\/halezincate.com\/wp-content\/uploads\/2024\/06\/pc-screen-icon-2048x1793-ic9fcuzs-768x672.png 768w, https:\/\/halezincate.com\/wp-content\/uploads\/2024\/06\/pc-screen-icon-2048x1793-ic9fcuzs-1536x1345.png 1536w, https:\/\/halezincate.com\/wp-content\/uploads\/2024\/06\/pc-screen-icon-2048x1793-ic9fcuzs.png 2048w\" sizes=\"(max-width: 300px) 100vw, 300px\" \/><\/p><h5><b>\u00a0<\/b><b>Proiectare<\/b><\/h5><p>Descoper\u0103 serviciile de proiectare oferite de MIG, specializate \u00een solu\u021bii inovatoare \u0219i eficiente pentru construc\u021bii industriale \u0219i comerciale.<\/p><p>Echipa noastr\u0103 de exper\u021bi transform\u0103 ideile \u00een realitate, asigur\u00e2nd calitate, precizie \u0219i respectarea celor mai \u00eenalte standarde \u00een fiecare proiect.<\/p>\t\t\t\t\t\t\t\t<\/div>\n\t\t\t\t<\/div>\n\t\t\t\t<\/div>\n\t\t<div class=\"elementor-element elementor-element-7ff8f2e e-con-full e-flex e-con e-child\" data-id=\"7ff8f2e\" data-element_type=\"container\" data-e-type=\"container\">\n\t\t\t\t<div class=\"elementor-element elementor-element-9aa7a3e elementor-widget elementor-widget-text-editor\" data-id=\"9aa7a3e\" data-element_type=\"widget\" data-e-type=\"widget\" data-widget_type=\"text-editor.default\">\n\t\t\t\t<div class=\"elementor-widget-container\">\n\t\t\t\t\t\t\t\t\t<p><img loading=\"lazy\" decoding=\"async\" class=\"alignnone size-full wp-image-1010\" src=\"https:\/\/halezincate.com\/wp-content\/uploads\/2024\/06\/images.png\" alt=\"\" width=\"225\" height=\"225\" srcset=\"https:\/\/halezincate.com\/wp-content\/uploads\/2024\/06\/images.png 225w, https:\/\/halezincate.com\/wp-content\/uploads\/2024\/06\/images-150x150.png 150w, https:\/\/halezincate.com\/wp-content\/uploads\/2024\/06\/images-82x82.png 82w\" sizes=\"(max-width: 225px) 100vw, 225px\" \/><\/p>\n<h5><b>&nbsp;<\/b><b style=\"text-align: var(--text-align);\">Productie<\/b><\/h5>\n<p>Oferim servicii de produc\u021bie de \u00eenalt\u0103 calitate,&nbsp;<span style=\"font-family: var( --e-global-typography-text-font-family ), Sans-serif; font-weight: var( --e-global-typography-text-font-weight ); text-align: var(--text-align);\">cu facilitatile noastre specializate \u00een construc\u021bii&nbsp;<\/span><span style=\"font-family: var( --e-global-typography-text-font-family ), Sans-serif; font-weight: var( --e-global-typography-text-font-weight ); text-align: var(--text-align);\">metalice \u0219i structuri.<\/span><\/p>\n<p>Cu tehnologii avansate \u0219i o echip\u0103 de profesioni\u0219ti,&nbsp;<span style=\"font-family: var( --e-global-typography-text-font-family ), Sans-serif; font-weight: var( --e-global-typography-text-font-weight ); text-align: var(--text-align);\">garant\u0103m eficien\u021b\u0103, durabilitate \u0219i respectarea&nbsp;<\/span><span style=\"font-family: var( --e-global-typography-text-font-family ), Sans-serif; font-weight: var( --e-global-typography-text-font-weight ); text-align: var(--text-align);\">celor mai stricte standarde \u00een fiecare proiect.<\/span><\/p>\t\t\t\t\t\t\t\t<\/div>\n\t\t\t\t<\/div>\n\t\t\t\t<\/div>\n\t\t<div class=\"elementor-element elementor-element-e2474d6 e-con-full e-flex e-con e-child\" data-id=\"e2474d6\" data-element_type=\"container\" data-e-type=\"container\">\n\t\t\t\t<div class=\"elementor-element elementor-element-e4584dc elementor-widget elementor-widget-text-editor\" data-id=\"e4584dc\" data-element_type=\"widget\" data-e-type=\"widget\" data-widget_type=\"text-editor.default\">\n\t\t\t\t<div class=\"elementor-widget-container\">\n\t\t\t\t\t\t\t\t\t<p><img loading=\"lazy\" decoding=\"async\" src=\"https:\/\/halezincate.com\/wp-content\/uploads\/2024\/06\/free-truck-icon-1058-thumb-300x300.png\" alt=\"\" width=\"300\" height=\"300\"><b style=\"color: #101010; font-family: Muli, sans-serif; font-size: 20px; text-align: var(--text-align);\">Livrare<\/b><\/p>\n<p>Ne asigur\u0103m c\u0103 toate materialele necesare pentru&nbsp;<span style=\"font-family: var( --e-global-typography-text-font-family ), Sans-serif; font-weight: var( --e-global-typography-text-font-weight ); text-align: var(--text-align);\">a construi hala metalic\u0103 se livreaz\u0103 la timp.&nbsp;<\/span><\/p>\n<p>Halele metalice din o\u021bel, profilate la rece,&nbsp;<span style=\"font-family: var( --e-global-typography-text-font-family ), Sans-serif; font-weight: var( --e-global-typography-text-font-weight ); text-align: var(--text-align);\">fiind cu 30% mai u\u0219or \u0219i cu 50% mai pu\u021bin&nbsp;<\/span><span style=\"font-family: var( --e-global-typography-text-font-family ), Sans-serif; font-weight: var( --e-global-typography-text-font-weight ); text-align: var(--text-align);\">voluminos.<\/span><\/p>\t\t\t\t\t\t\t\t<\/div>\n\t\t\t\t<\/div>\n\t\t\t\t<\/div>\n\t\t<div class=\"elementor-element elementor-element-1503dd1 e-con-full e-flex e-con e-child\" data-id=\"1503dd1\" data-element_type=\"container\" data-e-type=\"container\">\n\t\t\t\t<div class=\"elementor-element elementor-element-580e63c elementor-widget elementor-widget-text-editor\" data-id=\"580e63c\" data-element_type=\"widget\" data-e-type=\"widget\" data-widget_type=\"text-editor.default\">\n\t\t\t\t<div class=\"elementor-widget-container\">\n\t\t\t\t\t\t\t\t\t<p><img loading=\"lazy\" decoding=\"async\" src=\"https:\/\/halezincate.com\/wp-content\/uploads\/2024\/06\/Tools_icon-300x272.png\" alt=\"\" width=\"300\" height=\"272\" \/><\/p><h5>Montare<\/h5><h5><span style=\"color: #000000; font-family: Roboto, sans-serif;\"><span style=\"font-size: 16px; font-weight: 400;\">Oferim servicii de montaj profesionale,<\/span><\/span><span style=\"color: #000000; font-family: Roboto, sans-serif;\"><span style=\"font-size: 16px; font-weight: 400;\">asigur\u00e2nd rapiditate la montaj, precizie \u0219i siguran\u021b\u0103.\u00a0<\/span><\/span><\/h5><h5><span style=\"color: #000000; font-family: Roboto, sans-serif;\"><span style=\"font-size: 16px; font-weight: 400;\">Echipa noastr\u0103 de exper\u021bi garanteaz\u0103 instalarea\u00a0<\/span><\/span><span style=\"color: #000000; font-family: Roboto, sans-serif;\"><span style=\"font-size: 16px; font-weight: 400;\">corect\u0103 \u0219i eficient\u0103 a fiec\u0103rui proiect, respect\u00e2nd\u00a0<\/span><\/span><span style=\"color: #000000; font-family: Roboto, sans-serif;\"><span style=\"font-size: 16px; font-weight: 400;\">cele mai \u00eenalte standarde.<\/span><\/span><\/h5>\t\t\t\t\t\t\t\t<\/div>\n\t\t\t\t<\/div>\n\t\t\t\t<\/div>\n\t\t\t\t\t<\/div>\n\t\t\t\t<\/div>\n\t\t<div class=\"elementor-element elementor-element-72a76a3 e-flex e-con-boxed e-con e-parent\" data-id=\"72a76a3\" data-element_type=\"container\" data-e-type=\"container\">\n\t\t\t\t\t<div class=\"e-con-inner\">\n\t\t\t\t<div class=\"elementor-element elementor-element-6e80ca6 elementor-widget-divider--view-line elementor-widget elementor-widget-divider\" data-id=\"6e80ca6\" data-element_type=\"widget\" data-e-type=\"widget\" data-widget_type=\"divider.default\">\n\t\t\t\t<div class=\"elementor-widget-container\">\n\t\t\t\t\t\t\t<div class=\"elementor-divider\">\n\t\t\t<span class=\"elementor-divider-separator\">\n\t\t\t\t\t\t<\/span>\n\t\t<\/div>\n\t\t\t\t\t\t<\/div>\n\t\t\t\t<\/div>\n\t\t\t\t\t<\/div>\n\t\t\t\t<\/div>\n\t\t<div class=\"elementor-element elementor-element-64c17f8 e-flex e-con-boxed e-con e-parent\" data-id=\"64c17f8\" data-element_type=\"container\" data-e-type=\"container\">\n\t\t\t\t\t<div class=\"e-con-inner\">\n\t\t<div class=\"elementor-element elementor-element-b482c97 e-con-full e-flex e-con e-child\" data-id=\"b482c97\" data-element_type=\"container\" data-e-type=\"container\">\n\t\t\t\t<div class=\"elementor-element elementor-element-6079584 elementor-widget elementor-widget-heading\" data-id=\"6079584\" data-element_type=\"widget\" data-e-type=\"widget\" data-widget_type=\"heading.default\">\n\t\t\t\t<div class=\"elementor-widget-container\">\n\t\t\t\t\t<h2 class=\"elementor-heading-title elementor-size-default\"><a href=\"https:\/\/halezincate.com\/index.php\/dbitare-laser\/\"><br>Debitare laser<\/a><\/h2>\t\t\t\t<\/div>\n\t\t\t\t<\/div>\n\t\t\t\t<\/div>\n\t\t<div class=\"elementor-element elementor-element-10971b8 e-con-full e-flex e-con e-child\" data-id=\"10971b8\" data-element_type=\"container\" data-e-type=\"container\">\n\t\t\t\t<div class=\"elementor-element elementor-element-5e28d20 elementor-widget elementor-widget-heading\" data-id=\"5e28d20\" data-element_type=\"widget\" data-e-type=\"widget\" data-widget_type=\"heading.default\">\n\t\t\t\t<div class=\"elementor-widget-container\">\n\t\t\t\t\t<h2 class=\"elementor-heading-title elementor-size-default\"><a href=\"https:\/\/halezincate.com\/index.php\/debitare-plasma\/\"><br><span style=\"color: var( --e-global-color-primary );font-weight: var( --e-global-typography-primary-font-weight )\">Debitare <\/span>Plasma<\/a><\/h2>\t\t\t\t<\/div>\n\t\t\t\t<\/div>\n\t\t\t\t<\/div>\n\t\t<div class=\"elementor-element elementor-element-90f9e06 e-con-full e-flex e-con e-child\" data-id=\"90f9e06\" data-element_type=\"container\" data-e-type=\"container\">\n\t\t\t\t<div class=\"elementor-element elementor-element-f3a6451 elementor-widget elementor-widget-image\" data-id=\"f3a6451\" data-element_type=\"widget\" data-e-type=\"widget\" data-widget_type=\"image.default\">\n\t\t\t\t<div class=\"elementor-widget-container\">\n\t\t\t\t\t\t\t\t\t\t\t\t\t\t\t\t<a href=\"https:\/\/halezincate.com\/index.php\/dbitare-laser\/\">\n\t\t\t\t\t\t\t<img loading=\"lazy\" decoding=\"async\" width=\"1024\" height=\"682\" src=\"https:\/\/halezincate.com\/wp-content\/uploads\/2024\/06\/DC-Manufacturing-Laser-Cutting-3-1024x682.jpg\" class=\"attachment-large size-large wp-image-829\" alt=\"\" srcset=\"https:\/\/halezincate.com\/wp-content\/uploads\/2024\/06\/DC-Manufacturing-Laser-Cutting-3-1024x682.jpg 1024w, https:\/\/halezincate.com\/wp-content\/uploads\/2024\/06\/DC-Manufacturing-Laser-Cutting-3-300x200.jpg 300w, https:\/\/halezincate.com\/wp-content\/uploads\/2024\/06\/DC-Manufacturing-Laser-Cutting-3-768x512.jpg 768w, https:\/\/halezincate.com\/wp-content\/uploads\/2024\/06\/DC-Manufacturing-Laser-Cutting-3-1536x1024.jpg 1536w, https:\/\/halezincate.com\/wp-content\/uploads\/2024\/06\/DC-Manufacturing-Laser-Cutting-3.jpg 2000w\" sizes=\"(max-width: 1024px) 100vw, 1024px\" \/>\t\t\t\t\t\t\t\t<\/a>\n\t\t\t\t\t\t\t\t\t\t\t\t\t\t\t<\/div>\n\t\t\t\t<\/div>\n\t\t\t\t<\/div>\n\t\t<div class=\"elementor-element elementor-element-ec33dcd e-con-full e-flex e-con e-child\" data-id=\"ec33dcd\" data-element_type=\"container\" data-e-type=\"container\">\n\t\t\t\t<div class=\"elementor-element elementor-element-c913e1b elementor-widget elementor-widget-image\" data-id=\"c913e1b\" data-element_type=\"widget\" data-e-type=\"widget\" data-widget_type=\"image.default\">\n\t\t\t\t<div class=\"elementor-widget-container\">\n\t\t\t\t\t\t\t\t\t\t\t\t\t\t\t\t<a href=\"https:\/\/halezincate.com\/index.php\/debitare-plasma\/\">\n\t\t\t\t\t\t\t<img loading=\"lazy\" decoding=\"async\" width=\"1024\" height=\"683\" src=\"https:\/\/halezincate.com\/wp-content\/uploads\/2024\/06\/cnc-plasma-cutting-jobworks-1024x683.jpg\" class=\"attachment-large size-large wp-image-828\" alt=\"\" srcset=\"https:\/\/halezincate.com\/wp-content\/uploads\/2024\/06\/cnc-plasma-cutting-jobworks-1024x683.jpg 1024w, https:\/\/halezincate.com\/wp-content\/uploads\/2024\/06\/cnc-plasma-cutting-jobworks-300x200.jpg 300w, https:\/\/halezincate.com\/wp-content\/uploads\/2024\/06\/cnc-plasma-cutting-jobworks-768x512.jpg 768w, https:\/\/halezincate.com\/wp-content\/uploads\/2024\/06\/cnc-plasma-cutting-jobworks-1536x1024.jpg 1536w, https:\/\/halezincate.com\/wp-content\/uploads\/2024\/06\/cnc-plasma-cutting-jobworks.jpg 1800w\" sizes=\"(max-width: 1024px) 100vw, 1024px\" \/>\t\t\t\t\t\t\t\t<\/a>\n\t\t\t\t\t\t\t\t\t\t\t\t\t\t\t<\/div>\n\t\t\t\t<\/div>\n\t\t\t\t<\/div>\n\t\t\t\t\t<\/div>\n\t\t\t\t<\/div>\n\t\t<div class=\"elementor-element elementor-element-bc23d9e e-flex e-con-boxed e-con e-parent\" data-id=\"bc23d9e\" data-element_type=\"container\" data-e-type=\"container\">\n\t\t\t\t\t<div class=\"e-con-inner\">\n\t\t\t\t<div class=\"elementor-element elementor-element-6641c14 elementor-widget-divider--view-line elementor-widget elementor-widget-divider\" data-id=\"6641c14\" data-element_type=\"widget\" data-e-type=\"widget\" data-widget_type=\"divider.default\">\n\t\t\t\t<div class=\"elementor-widget-container\">\n\t\t\t\t\t\t\t<div class=\"elementor-divider\">\n\t\t\t<span class=\"elementor-divider-separator\">\n\t\t\t\t\t\t<\/span>\n\t\t<\/div>\n\t\t\t\t\t\t<\/div>\n\t\t\t\t<\/div>\n\t\t\t\t\t<\/div>\n\t\t\t\t<\/div>\n\t\t<div class=\"elementor-element elementor-element-55e39c2 e-flex e-con-boxed e-con e-parent\" data-id=\"55e39c2\" data-element_type=\"container\" data-e-type=\"container\">\n\t\t\t\t\t<div class=\"e-con-inner\">\n\t\t\t\t\t<\/div>\n\t\t\t\t<\/div>\n\t\t\t\t<\/div>\n\t\t","protected":false},"excerpt":{"rendered":"<p>Facebook Instagram Tiktok Metal Industry Group produce hale \u0219i corturi industriale din profile cu pereti subtiri folosind otel de inalta calitate S350GD+ZN275. Cu o tehnologie avansat\u0103 \u0219i servicii complete de proiectare, executie si montaj \u0219i ne diferen\u021biem prin flexibilitate, calitate rela\u021bii str\u00e2nse cu clien\u021bii locali \u0219i regionali. \u00a0Proiectare Descoper\u0103 serviciile de proiectare oferite de MIG, [&hellip;]<\/p>\n","protected":false},"author":1,"featured_media":0,"parent":0,"menu_order":0,"comment_status":"closed","ping_status":"closed","template":"","meta":{"footnotes":""},"class_list":["post-58","page","type-page","status-publish","hentry"],"aioseo_notices":[],"_links":{"self":[{"href":"https:\/\/halezincate.com\/index.php\/wp-json\/wp\/v2\/pages\/58","targetHints":{"allow":["GET"]}}],"collection":[{"href":"https:\/\/halezincate.com\/index.php\/wp-json\/wp\/v2\/pages"}],"about":[{"href":"https:\/\/halezincate.com\/index.php\/wp-json\/wp\/v2\/types\/page"}],"author":[{"embeddable":true,"href":"https:\/\/halezincate.com\/index.php\/wp-json\/wp\/v2\/users\/1"}],"replies":[{"embeddable":true,"href":"https:\/\/halezincate.com\/index.php\/wp-json\/wp\/v2\/comments?post=58"}],"version-history":[{"count":24,"href":"https:\/\/halezincate.com\/index.php\/wp-json\/wp\/v2\/pages\/58\/revisions"}],"predecessor-version":[{"id":1368,"href":"https:\/\/halezincate.com\/index.php\/wp-json\/wp\/v2\/pages\/58\/revisions\/1368"}],"wp:attachment":[{"href":"https:\/\/halezincate.com\/index.php\/wp-json\/wp\/v2\/media?parent=58"}],"curies":[{"name":"wp","href":"https:\/\/api.w.org\/{rel}","templated":true}]}}